{"id":219,"date":"2018-09-17T11:22:33","date_gmt":"2018-09-17T11:22:33","guid":{"rendered":"http:\/\/themes.axilweb.com\/wp\/cynic\/trendy-small-digital-agency\/?page_id=219"},"modified":"2021-02-01T22:08:46","modified_gmt":"2021-02-02T01:08:46","slug":"psicologia","status":"publish","type":"page","link":"https:\/\/cynthiarodrigues.com.br\/index.php\/psicologia\/","title":{"rendered":"Psicologia"},"content":{"rendered":"<p>[vc_section el_class=&#8221;case-studies-grid-wrapper section-padding&#8221;][vc_row][vc_column]            <svg class=\"bg-shape shape-case-study reveal-from-left\" xmlns=\"http:\/\/www.w3.org\/2000\/svg\" xmlns:xlink=\"http:\/\/www.w3.org\/1999\/xlink\"\r\n                 width=\"779px\" height=\"759px\">\r\n                <defs>\r\n                    <linearGradient id=\"PSgrad_03\" x1=\"70.711%\" x2=\"0%\" y1=\"70.711%\" y2=\"0%\">\r\n                        <stop offset=\"0%\" stop-color=\"rgb(237,247,255)\" stop-opacity=\"1\" \/>\r\n                        <stop offset=\"100%\" stop-color=\"rgb(237,247,255)\" stop-opacity=\"0\" \/>\r\n                    <\/linearGradient>\r\n\r\n                <\/defs>\r\n                <path fill-rule=\"evenodd\" fill=\"url(#PSgrad_03)\" d=\"M111.652,578.171 L218.141,672.919 C355.910,795.500 568.207,784.561 692.320,648.484 C816.434,512.409 805.362,302.726 667.592,180.144 L561.104,85.396 C423.334,-37.184 211.037,-26.245 86.924,109.832 C-37.189,245.908 -26.118,455.590 111.652,578.171 Z\"\r\n                \/>\r\n            <\/svg>\r\n            <div class=\"container\">\r\n                <div class=\"case-study-showcase\">\r\n                    <div class=\"row equalHeightWrapper\">\r\n                                                    <div class=\"item col-md-6\">\r\n                                <a href=\"https:\/\/cynthiarodrigues.com.br\/index.php\/case-study\/psicoterapia-individual-adulto\/\" class=\"case-study-content-block content-block text-left\">\r\n                                    <div class=\"img-container\">\r\n                                        <img fetchpriority=\"high\" decoding=\"async\" width=\"525\" height=\"448\" src=\"https:\/\/cynthiarodrigues.com.br\/wp-content\/uploads\/2018\/09\/site4-525x448.png\" class=\"img-fluid wp-post-image\" alt=\"\" \/>                                    <\/div>\r\n                                    <!-- End of .img-container -->\r\n                                    <div class=\"txt-content equalHeight\">\r\n                                        <h5>Psicoterapia Individual Adulto<\/h5>\r\n                                        <p>Descubra quem \u00e9 voc\u00ea atrav\u00e9s do autoconhecimento, a psicoterapia ajuda voc\u00ea a ser seguro de si, e ressignificar a sua vida. A psicoterapia tamb\u00e9m ajuda a ter relacionamentos saud\u00e1veis, a entender melhor suas emo\u00e7\u00f5es e sentimentos, e a entender o seu prop\u00f3sito.<\/p>\r\n                                    <\/div>\r\n                                    <!-- End of .txt-content -->\r\n                                <\/a>\r\n                                <!-- End of .featured-content-block -->\r\n                            <\/div>\r\n                                                        <div class=\"item col-md-6\">\r\n                                <a href=\"https:\/\/cynthiarodrigues.com.br\/index.php\/case-study\/psicoterapia-para-casais\/\" class=\"case-study-content-block content-block text-left\">\r\n                                    <div class=\"img-container\">\r\n                                        <img decoding=\"async\" width=\"525\" height=\"448\" src=\"https:\/\/cynthiarodrigues.com.br\/wp-content\/uploads\/2018\/09\/site2-525x448.png\" class=\"img-fluid wp-post-image\" alt=\"\" \/>                                    <\/div>\r\n                                    <!-- End of .img-container -->\r\n                                    <div class=\"txt-content equalHeight\">\r\n                                        <h5>Psicoterapia para casais<\/h5>\r\n                                        <p>A psicoterapia de casal pode ter motivos diferentes, por\u00e9m o objetivo das sess\u00f5es sempre ser\u00e1 a resolu\u00e7\u00e3o dos conflitos e a elimina\u00e7\u00e3o do sofrimento. T\u00e3o importante quanto pensar na psicoterapia de casal, \u00e9 estar dispon\u00edvel a realizar reflex\u00f5es individuais frente os problemas conjugais.<\/p>\r\n                                    <\/div>\r\n                                    <!-- End of .txt-content -->\r\n                                <\/a>\r\n                                <!-- End of .featured-content-block -->\r\n                            <\/div>\r\n                                                        <div class=\"item col-md-6\">\r\n                                <a href=\"https:\/\/cynthiarodrigues.com.br\/index.php\/case-study\/terapia-cognitivo-comportamental\/\" class=\"case-study-content-block content-block text-left\">\r\n                                    <div class=\"img-container\">\r\n                                        <img decoding=\"async\" width=\"525\" height=\"447\" src=\"https:\/\/cynthiarodrigues.com.br\/wp-content\/uploads\/2018\/09\/site1-525x447.png\" class=\"img-fluid wp-post-image\" alt=\"\" \/>                                    <\/div>\r\n                                    <!-- End of .img-container -->\r\n                                    <div class=\"txt-content equalHeight\">\r\n                                        <h5>Terapia Cognitivo-Comportamental<\/h5>\r\n                                        <p>A Terapia Cognitiva Comportamental \u00e9 uma abordagem considerada diretiva, breve e focada no problema atual do paciente. A TCC, em sua base, nos explica que o que nos afetam emocionalmente n\u00e3o s\u00e3o os acontecimentos e eventos que acontecem em nossas vidas, e sim a maneira como os interpretamos e lidamos com eles.<\/p>\r\n                                    <\/div>\r\n                                    <!-- End of .txt-content -->\r\n                                <\/a>\r\n                                <!-- End of .featured-content-block -->\r\n                            <\/div>\r\n                                                        <div class=\"item col-md-6\">\r\n                                <a href=\"https:\/\/cynthiarodrigues.com.br\/index.php\/case-study\/psicoterapia-para-insonia\/\" class=\"case-study-content-block content-block text-left\">\r\n                                    <div class=\"img-container\">\r\n                                        <img loading=\"lazy\" decoding=\"async\" width=\"525\" height=\"448\" src=\"https:\/\/cynthiarodrigues.com.br\/wp-content\/uploads\/2018\/09\/site3-525x448.png\" class=\"img-fluid wp-post-image\" alt=\"\" \/>                                    <\/div>\r\n                                    <!-- End of .img-container -->\r\n                                    <div class=\"txt-content equalHeight\">\r\n                                        <h5>Psicoterapia para Ins\u00f4nia<\/h5>\r\n                                        <p>A ins\u00f4nia \u00e9 um dist\u00farbio que prejudica a capacidade de adormecer ou permanecer adormecido ao longo da noite, acarretando problemas cognitivos (aten\u00e7\u00e3o, mem\u00f3ria e criatividade) entre v\u00e1rios outros. Na Psicoterapia buscamos entender os motivos da ins\u00f4nia, e atrav\u00e9s da higiene do sono buscamos desenvolver uma boa qualidade do sono.<\/p>\r\n                                    <\/div>\r\n                                    <!-- End of .txt-content -->\r\n                                <\/a>\r\n                                <!-- End of .featured-content-block -->\r\n                            <\/div>\r\n                                                <\/div><!--row-->\r\n                                    <\/div>\r\n            <\/div>\r\n\r\n            [\/vc_column][\/vc_row][\/vc_section]<\/p>\n","protected":false},"excerpt":{"rendered":"<p>[vc_section el_class=&#8221;case-studies-grid-wrapper section-padding&#8221;][vc_row][vc_column][\/vc_column][\/vc_row][\/vc_section]<\/p>\n","protected":false},"author":1,"featured_media":0,"parent":0,"menu_order":0,"comment_status":"closed","ping_status":"closed","template":"","meta":{"footnotes":""},"class_list":["post-219","page","type-page","status-publish","hentry"],"_links":{"self":[{"href":"https:\/\/cynthiarodrigues.com.br\/index.php\/wp-json\/wp\/v2\/pages\/219","targetHints":{"allow":["GET"]}}],"collection":[{"href":"https:\/\/cynthiarodrigues.com.br\/index.php\/wp-json\/wp\/v2\/pages"}],"about":[{"href":"https:\/\/cynthiarodrigues.com.br\/index.php\/wp-json\/wp\/v2\/types\/page"}],"author":[{"embeddable":true,"href":"https:\/\/cynthiarodrigues.com.br\/index.php\/wp-json\/wp\/v2\/users\/1"}],"replies":[{"embeddable":true,"href":"https:\/\/cynthiarodrigues.com.br\/index.php\/wp-json\/wp\/v2\/comments?post=219"}],"version-history":[{"count":5,"href":"https:\/\/cynthiarodrigues.com.br\/index.php\/wp-json\/wp\/v2\/pages\/219\/revisions"}],"predecessor-version":[{"id":952,"href":"https:\/\/cynthiarodrigues.com.br\/index.php\/wp-json\/wp\/v2\/pages\/219\/revisions\/952"}],"wp:attachment":[{"href":"https:\/\/cynthiarodrigues.com.br\/index.php\/wp-json\/wp\/v2\/media?parent=219"}],"curies":[{"name":"wp","href":"https:\/\/api.w.org\/{rel}","templated":true}]}}