{"id":1071,"date":"2021-06-29T20:21:01","date_gmt":"2021-06-29T23:21:01","guid":{"rendered":"https:\/\/cynthiarodrigues.com.br\/?page_id=1071"},"modified":"2022-02-21T22:41:04","modified_gmt":"2022-02-22T01:41:04","slug":"boralapsi","status":"publish","type":"page","link":"https:\/\/cynthiarodrigues.com.br\/index.php\/boralapsi\/","title":{"rendered":"Workshop #Boral\u00e1psi"},"content":{"rendered":"<p>[vc_row content_placement=&#8221;middle&#8221; el_id=&#8221;video-youtube&#8221;][vc_column width=&#8221;1\/6&#8243;][\/vc_column][vc_column width=&#8221;2\/3&#8243;][vc_raw_html]JTNDaWZyYW1lJTIwd2lkdGglM0QlMjI1NjAlMjIlMjBoZWlnaHQlM0QlMjIzMTUlMjIlMjBzcmMlM0QlMjJodHRwcyUzQSUyRiUyRnd3dy55b3V0dWJlLmNvbSUyRmVtYmVkJTJGbEpRSjVDNE92Qm8lMjIlMjB0aXRsZSUzRCUyMllvdVR1YmUlMjB2aWRlbyUyMHBsYXllciUyMiUyMGZyYW1lYm9yZGVyJTNEJTIyMCUyMiUyMGFsbG93JTNEJTIyYWNjZWxlcm9tZXRlciUzQiUyMGF1dG9wbGF5JTNCJTIwY2xpcGJvYXJkLXdyaXRlJTNCJTIwZW5jcnlwdGVkLW1lZGlhJTNCJTIwZ3lyb3Njb3BlJTNCJTIwcGljdHVyZS1pbi1waWN0dXJlJTIyJTIwYWxsb3dmdWxsc2NyZWVuJTNFJTNDJTJGaWZyYW1lJTNF[\/vc_raw_html][\/vc_column][vc_column width=&#8221;1\/6&#8243;][\/vc_column][\/vc_row][vc_row][vc_column width=&#8221;1\/6&#8243;][\/vc_column][vc_column width=&#8221;2\/3&#8243;][vc_custom_heading text=&#8221;Ol\u00e1!!! Estou feliz demais em ver que voc\u00ea est\u00e1 interessada nesta jornada.&#8221; font_container=&#8221;tag:p|font_size:20|text_align:center&#8221; google_fonts=&#8221;font_family:Hind%3A300%2Cregular%2C500%2C600%2C700|font_style:400%20regular%3A400%3Anormal&#8221;][vc_custom_heading text=&#8221;\u00c9 um prazer enorme poder contar com voc\u00ea neste encontro. Bora fazer acontecer!&#8221; font_container=&#8221;tag:p|font_size:20|text_align:center&#8221; google_fonts=&#8221;font_family:Hind%3A300%2Cregular%2C500%2C600%2C700|font_style:400%20regular%3A400%3Anormal&#8221; css=&#8221;.vc_custom_1625017360201{margin-top: -21px !important;}&#8221;][vc_tta_accordion active_section=&#8221;1&#8243; css=&#8221;.vc_custom_1625017387051{margin-top: 40px !important;}&#8221;][vc_tta_section title=&#8221;COMO IR\u00c1 FUNCIONAR:&#8221; tab_id=&#8221;1625009300231-ff30f4a6-52ba&#8221;][vc_column_text]O Workshop Boral\u00e1psi tem como intuito criar um espa\u00e7o para compartilhar experi\u00eancias entre estudantes de psicologia e\/ou psic\u00f3logas j\u00e1 formadas. O principal pr\u00e9-requisito \u00e9 estar curiosa e interessada em investir no crescimento de sua carreira cl\u00ednica. Para isso, irei utilizar minha pr\u00f3pria trajet\u00f3ria e conhecimentos resultantes desse processo para ajudar voc\u00ea a apostar naquilo que d\u00e1 certo. Tamb\u00e9m teremos espa\u00e7os para d\u00favidas e curiosidades.[\/vc_column_text][\/vc_tta_section][vc_tta_section title=&#8221;CONTE\u00daDOS ABORDADOS:&#8221; tab_id=&#8221;1625009300267-1ab25720-cb3a&#8221;][vc_column_text]1) A viv\u00eancia do final da gradua\u00e7\u00e3o<br \/>\n2) Como se preparar para entrar no mercado de trabalho<br \/>\n3) O poder do marketing digital e das redes sociais<br \/>\n4) Dicas pr\u00e1ticas de conte\u00fados que engajam (convidado especial)<br \/>\n5) Capta\u00e7\u00e3o de clientes &#8211; a t\u00e3o sonhada &#8220;agenda lotada&#8221;<br \/>\n6) D\u00favidas da atua\u00e7\u00e3o cl\u00ednica: documentos, aluguel de sala, valores de sess\u00e3o, etc.[\/vc_column_text][\/vc_tta_section][vc_tta_section title=&#8221;DATA E DURA\u00c7\u00c3O:&#8221; tab_id=&#8221;1625009732705-d5ed8a9f-ca8e&#8221;][vc_column_text]O evento acontecer\u00e1 na quinta-feira, dia 09 de mar\u00e7o \u00e0s 20:00h, com dura\u00e7\u00e3o entre 2h30 a 3h. A modalidade do Workshop ser\u00e1 online. O link da plataforma de encontro ser\u00e1 disponibilizado mais pr\u00f3ximo da data.[\/vc_column_text][\/vc_tta_section][vc_tta_section title=&#8221;PAGAMENTO:&#8221; tab_id=&#8221;1625009758977-6926652d-e9f8&#8243;][vc_column_text]O valor total investido ser\u00e1 de R$170,00 por participante. O pagamento pode ser realizado mediante transfer\u00eancia, PIX ou PagSeguro. Para efetuar o pagamento e finalizar sua inscri\u00e7\u00e3o, clique no link abaixo e escolha a melhor op\u00e7\u00e3o para voc\u00ea. (sua inscri\u00e7\u00e3o s\u00f3 ser\u00e1 garantida ap\u00f3s a confirma\u00e7\u00e3o de pagamento)[\/vc_column_text][\/vc_tta_section][vc_tta_section title=&#8221;B\u00d4NUS!&#8221; tab_id=&#8221;1625009781446-3892831b-2c56&#8243;][vc_column_text]Ao final do encontro alguns materiais ser\u00e3o disponibilizados, dentre eles: As 5 primeiras inscritas receber\u00e3o: *Material de Apoio com os principais temas abordados, *Material sobre documentos psicol\u00f3gicos, *B\u00f4nus Extra com modelos de documentos psicol\u00f3gicos. Uma an\u00e1lise minha sobre uma conta do instagram.[\/vc_column_text][\/vc_tta_section][\/vc_tta_accordion][\/vc_column][vc_column width=&#8221;1\/6&#8243;][\/vc_column][\/vc_row][vc_row][vc_column width=&#8221;1\/5&#8243;][\/vc_column][vc_column width=&#8221;1\/5&#8243;][\/vc_column][vc_column width=&#8221;1\/5&#8243;][vc_btn title=&#8221;GARANTIR INSCRI\u00c7\u00c3O! &#8221; style=&#8221;3d&#8221; color=&#8221;peacoc&#8221; size=&#8221;lg&#8221; align=&#8221;center&#8221; button_block=&#8221;true&#8221; css=&#8221;.vc_custom_1645493992191{margin-top: 60px !important;}&#8221; el_id=&#8221;btn-quero-garantir&#8221; link=&#8221;url:https%3A%2F%2Fmpago.la%2F2rGNoU2&#8243;][\/vc_column][vc_column width=&#8221;1\/5&#8243;][\/vc_column][vc_column width=&#8221;1\/5&#8243;][\/vc_column][\/vc_row][vc_row][vc_column width=&#8221;1\/6&#8243;][\/vc_column][vc_column width=&#8221;2\/3&#8243; css=&#8221;.vc_custom_1625017625161{margin-top: 40px !important;}&#8221;][vc_custom_heading text=&#8221;Garanta seu lugar na fila de espera para a pr\u00f3xima turma! Me chame atrav\u00e9s do Whatsapp: (49) 98884-7130&#8243; font_container=&#8221;tag:p|font_size:20|text_align:center&#8221; google_fonts=&#8221;font_family:Hind%3A300%2Cregular%2C500%2C600%2C700|font_style:400%20regular%3A400%3Anormal&#8221;][vc_custom_heading text=&#8221;Estou animada para ter voc\u00ea nesse encontro! At\u00e9 breve!&#8221; font_container=&#8221;tag:p|font_size:20|text_align:center&#8221; google_fonts=&#8221;font_family:Hind%3A300%2Cregular%2C500%2C600%2C700|font_style:400%20regular%3A400%3Anormal&#8221; css=&#8221;.vc_custom_1625017593870{margin-top: -21px !important;}&#8221;][\/vc_column][vc_column width=&#8221;1\/6&#8243;][\/vc_column][\/vc_row][vc_row][vc_column width=&#8221;1\/6&#8243;][\/vc_column][vc_column width=&#8221;2\/3&#8243; css=&#8221;.vc_custom_1625017771176{margin-top: 80px !important;}&#8221;][vc_custom_heading text=&#8221;Depoimentos&#8221; font_container=&#8221;tag:h3|font_size:50|text_align:center&#8221; google_fonts=&#8221;font_family:Hind%3A300%2Cregular%2C500%2C600%2C700|font_style:500%20bold%20regular%3A500%3Anormal&#8221;][\/vc_column][vc_column width=&#8221;1\/6&#8243;][\/vc_column][\/vc_row][vc_row css=&#8221;.vc_custom_1625017766361{margin-top: 40px !important;}&#8221;][vc_column width=&#8221;1\/6&#8243;][\/vc_column][vc_column width=&#8221;1\/3&#8243;][vc_single_image image=&#8221;1116&#8243; alignment=&#8221;center&#8221;][vc_column_text]<\/p>\n<p style=\"text-align: center;\"><strong>Dalvana dos Santos<\/strong><\/p>\n<p style=\"text-align: center;\">Um bom profissional \u00e9 capaz de inspirar outros&#8230; at\u00e9 mesmo outros profissionais&#8230; Quero aqui agradecer essa pessoa incr\u00edvel que \u00e9 a Cynthia&#8230; Porque tudo na vida tem um come\u00e7o e n\u00e3o vida profissional o come\u00e7o \u00e9 dif\u00edcil, por\u00e9m ele fica mais leve quando tem pessoas que nos ajudam. Ao longo da minha carreira n\u00e3o esquecerei dos primeiros passos, os quais fui amparada por essa pessoa incr\u00edvel. Sou grata Cynthia pela total confian\u00e7a que teve por mim. Obrigada pelas palavras ditas que com certeza me impulsionaram.<\/p>\n<p>[\/vc_column_text][\/vc_column][vc_column width=&#8221;1\/3&#8243;][vc_single_image image=&#8221;1117&#8243; alignment=&#8221;center&#8221;][vc_column_text]<\/p>\n<p style=\"text-align: center;\"><strong>Patr\u00edcia Mattana<\/strong><\/p>\n<p style=\"text-align: center;\">Ent\u00e3o, voc\u00ea foi como uma amiga que me incentivou e me ajudou a olhar para a \u00e1rea cl\u00ednica com novos olhares, num momento em que eu estava afastada da Psicologia e queria retornar, mas n\u00e3o acreditava muito nesta \u00e1rea. Pra mim foi um incentivo e um apoio super importante e valioso pra dar o pontap\u00e9 inicial, al\u00e9m das dicas super v\u00e1lidas que tamb\u00e9m contribu\u00edram pra abrir minha mente sobre a \u00e1rea cl\u00ednica.<\/p>\n<p>[\/vc_column_text][\/vc_column][vc_column width=&#8221;1\/6&#8243;][\/vc_column][\/vc_row]<\/p>\n","protected":false},"excerpt":{"rendered":"<p>[vc_row content_placement=&#8221;middle&#8221; el_id=&#8221;video-youtube&#8221;][vc_column width=&#8221;1\/6&#8243;][\/vc_column][vc_column width=&#8221;2\/3&#8243;][vc_raw_html]JTNDaWZyYW1lJTIwd2lkdGglM0QlMjI1NjAlMjIlMjBoZWlnaHQlM0QlMjIzMTUlMjIlMjBzcmMlM0QlMjJodHRwcyUzQSUyRiUyRnd3dy55b3V0dWJlLmNvbSUyRmVtYmVkJTJGbEpRSjVDNE92Qm8lMjIlMjB0aXRsZSUzRCUyMllvdVR1YmUlMjB2aWRlbyUyMHBsYXllciUyMiUyMGZyYW1lYm9yZGVyJTNEJTIyMCUyMiUyMGFsbG93JTNEJTIyYWNjZWxlcm9tZXRlciUzQiUyMGF1dG9wbGF5JTNCJTIwY2xpcGJvYXJkLXdyaXRlJTNCJTIwZW5jcnlwdGVkLW1lZGlhJTNCJTIwZ3lyb3Njb3BlJTNCJTIwcGljdHVyZS1pbi1waWN0dXJlJTIyJTIwYWxsb3dmdWxsc2NyZWVuJTNFJTNDJTJGaWZyYW1lJTNF[\/vc_raw_html][\/vc_column][vc_column width=&#8221;1\/6&#8243;][\/vc_column][\/vc_row][vc_row][vc_column width=&#8221;1\/6&#8243;][\/vc_column][vc_column width=&#8221;2\/3&#8243;][vc_custom_heading text=&#8221;Ol\u00e1!!! Estou feliz demais em ver que voc\u00ea est\u00e1 interessada nesta jornada.&#8221; font_container=&#8221;tag:p|font_size:20|text_align:center&#8221; google_fonts=&#8221;font_family:Hind%3A300%2Cregular%2C500%2C600%2C700|font_style:400%20regular%3A400%3Anormal&#8221;][vc_custom_heading text=&#8221;\u00c9 um prazer enorme poder contar com voc\u00ea neste encontro. Bora fazer acontecer!&#8221; font_container=&#8221;tag:p|font_size:20|text_align:center&#8221; google_fonts=&#8221;font_family:Hind%3A300%2Cregular%2C500%2C600%2C700|font_style:400%20regular%3A400%3Anormal&#8221; css=&#8221;.vc_custom_1625017360201{margin-top: -21px !important;}&#8221;][vc_tta_accordion active_section=&#8221;1&#8243; css=&#8221;.vc_custom_1625017387051{margin-top: 40px !important;}&#8221;][vc_tta_section title=&#8221;COMO IR\u00c1 FUNCIONAR:&#8221; tab_id=&#8221;1625009300231-ff30f4a6-52ba&#8221;][vc_column_text]O Workshop Boral\u00e1psi tem como intuito criar um espa\u00e7o para compartilhar experi\u00eancias entre estudantes de psicologia e\/ou psic\u00f3logas j\u00e1 formadas. O principal pr\u00e9-requisito \u00e9 estar curiosa e interessada em investir no crescimento de sua carreira cl\u00ednica. Para isso, irei utilizar minha pr\u00f3pria trajet\u00f3ria e conhecimentos resultantes desse processo para ajudar voc\u00ea a apostar naquilo que d\u00e1 certo. Tamb\u00e9m teremos espa\u00e7os para d\u00favidas e curiosidades.[\/vc_column_text][\/vc_tta_section][vc_tta_section title=&#8221;CONTE\u00daDOS ABORDADOS:&#8221; tab_id=&#8221;1625009300267-1ab25720-cb3a&#8221;][vc_column_text]1) A viv\u00eancia do final da gradua\u00e7\u00e3o 2) Como se preparar para entrar no mercado de trabalho 3) O poder do marketing digital e das redes sociais 4) Dicas pr\u00e1ticas de conte\u00fados que engajam (convidado especial) 5) Capta\u00e7\u00e3o de clientes &#8211; a t\u00e3o sonhada &#8220;agenda lotada&#8221; 6) D\u00favidas da atua\u00e7\u00e3o cl\u00ednica: documentos, aluguel de sala, valores de sess\u00e3o, etc.[\/vc_column_text][\/vc_tta_section][vc_tta_section title=&#8221;DATA E DURA\u00c7\u00c3O:&#8221; tab_id=&#8221;1625009732705-d5ed8a9f-ca8e&#8221;][vc_column_text]O evento acontecer\u00e1 na quinta-feira, dia 09 de mar\u00e7o \u00e0s 20:00h, com dura\u00e7\u00e3o entre 2h30 a 3h. A modalidade do Workshop ser\u00e1 online. O link da plataforma de encontro ser\u00e1 disponibilizado mais pr\u00f3ximo da data.[\/vc_column_text][\/vc_tta_section][vc_tta_section title=&#8221;PAGAMENTO:&#8221; tab_id=&#8221;1625009758977-6926652d-e9f8&#8243;][vc_column_text]O valor total investido ser\u00e1 de R$170,00 por participante. O pagamento pode ser realizado mediante transfer\u00eancia, PIX ou PagSeguro. Para efetuar o pagamento e finalizar sua inscri\u00e7\u00e3o, clique no link abaixo e escolha a melhor op\u00e7\u00e3o para voc\u00ea. (sua inscri\u00e7\u00e3o s\u00f3 ser\u00e1 garantida ap\u00f3s a confirma\u00e7\u00e3o de pagamento)[\/vc_column_text][\/vc_tta_section][vc_tta_section title=&#8221;B\u00d4NUS!&#8221; tab_id=&#8221;1625009781446-3892831b-2c56&#8243;][vc_column_text]Ao final do encontro alguns materiais ser\u00e3o disponibilizados, dentre eles: As 5 primeiras inscritas receber\u00e3o: *Material de Apoio com os principais temas abordados, *Material sobre documentos psicol\u00f3gicos, *B\u00f4nus Extra com modelos de documentos psicol\u00f3gicos. Uma an\u00e1lise minha sobre uma conta do instagram.[\/vc_column_text][\/vc_tta_section][\/vc_tta_accordion][\/vc_column][vc_column width=&#8221;1\/6&#8243;][\/vc_column][\/vc_row][vc_row][vc_column width=&#8221;1\/5&#8243;][\/vc_column][vc_column width=&#8221;1\/5&#8243;][\/vc_column][vc_column width=&#8221;1\/5&#8243;][vc_btn title=&#8221;GARANTIR INSCRI\u00c7\u00c3O! &#8221; style=&#8221;3d&#8221; color=&#8221;peacoc&#8221; size=&#8221;lg&#8221; align=&#8221;center&#8221; button_block=&#8221;true&#8221; css=&#8221;.vc_custom_1645493992191{margin-top: 60px !important;}&#8221; el_id=&#8221;btn-quero-garantir&#8221; link=&#8221;url:https%3A%2F%2Fmpago.la%2F2rGNoU2&#8243;][\/vc_column][vc_column width=&#8221;1\/5&#8243;][\/vc_column][vc_column width=&#8221;1\/5&#8243;][\/vc_column][\/vc_row][vc_row][vc_column width=&#8221;1\/6&#8243;][\/vc_column][vc_column width=&#8221;2\/3&#8243; css=&#8221;.vc_custom_1625017625161{margin-top: 40px !important;}&#8221;][vc_custom_heading text=&#8221;Garanta seu lugar na fila de espera para a pr\u00f3xima turma! Me chame atrav\u00e9s do Whatsapp: (49) 98884-7130&#8243; font_container=&#8221;tag:p|font_size:20|text_align:center&#8221; google_fonts=&#8221;font_family:Hind%3A300%2Cregular%2C500%2C600%2C700|font_style:400%20regular%3A400%3Anormal&#8221;][vc_custom_heading text=&#8221;Estou animada para ter voc\u00ea nesse encontro! At\u00e9 breve!&#8221; font_container=&#8221;tag:p|font_size:20|text_align:center&#8221; google_fonts=&#8221;font_family:Hind%3A300%2Cregular%2C500%2C600%2C700|font_style:400%20regular%3A400%3Anormal&#8221; css=&#8221;.vc_custom_1625017593870{margin-top: -21px !important;}&#8221;][\/vc_column][vc_column width=&#8221;1\/6&#8243;][\/vc_column][\/vc_row][vc_row][vc_column width=&#8221;1\/6&#8243;][\/vc_column][vc_column width=&#8221;2\/3&#8243; css=&#8221;.vc_custom_1625017771176{margin-top: 80px !important;}&#8221;][vc_custom_heading text=&#8221;Depoimentos&#8221; font_container=&#8221;tag:h3|font_size:50|text_align:center&#8221; google_fonts=&#8221;font_family:Hind%3A300%2Cregular%2C500%2C600%2C700|font_style:500%20bold%20regular%3A500%3Anormal&#8221;][\/vc_column][vc_column width=&#8221;1\/6&#8243;][\/vc_column][\/vc_row][vc_row css=&#8221;.vc_custom_1625017766361{margin-top: 40px !important;}&#8221;][vc_column width=&#8221;1\/6&#8243;][\/vc_column][vc_column width=&#8221;1\/3&#8243;][vc_single_image image=&#8221;1116&#8243; alignment=&#8221;center&#8221;][vc_column_text] Dalvana dos Santos Um bom profissional \u00e9 capaz de inspirar outros&#8230; at\u00e9 mesmo outros profissionais&#8230; Quero aqui agradecer essa pessoa incr\u00edvel que \u00e9 a Cynthia&#8230; Porque tudo na vida tem um come\u00e7o e n\u00e3o vida profissional o come\u00e7o \u00e9 dif\u00edcil, por\u00e9m ele fica mais leve quando tem pessoas que nos ajudam. Ao longo da minha carreira n\u00e3o esquecerei dos primeiros passos, os quais fui amparada por essa pessoa incr\u00edvel. Sou grata Cynthia pela total confian\u00e7a que teve por mim. Obrigada pelas palavras ditas que com certeza me impulsionaram. [\/vc_column_text][\/vc_column][vc_column width=&#8221;1\/3&#8243;][vc_single_image image=&#8221;1117&#8243; alignment=&#8221;center&#8221;][vc_column_text] Patr\u00edcia Mattana Ent\u00e3o, voc\u00ea foi como uma amiga que me incentivou e me ajudou a olhar para a \u00e1rea cl\u00ednica com novos olhares, num momento em que eu estava afastada da Psicologia e queria retornar, mas n\u00e3o acreditava muito nesta \u00e1rea. Pra mim foi um incentivo e um apoio super importante e valioso pra dar o pontap\u00e9 inicial, al\u00e9m das dicas super v\u00e1lidas que tamb\u00e9m contribu\u00edram pra abrir minha mente sobre a \u00e1rea cl\u00ednica. [\/vc_column_text][\/vc_column][vc_column width=&#8221;1\/6&#8243;][\/vc_column][\/vc_row]<\/p>\n","protected":false},"author":2,"featured_media":0,"parent":0,"menu_order":0,"comment_status":"closed","ping_status":"closed","template":"template-modernpage.php","meta":{"footnotes":""},"class_list":["post-1071","page","type-page","status-publish","hentry"],"_links":{"self":[{"href":"https:\/\/cynthiarodrigues.com.br\/index.php\/wp-json\/wp\/v2\/pages\/1071","targetHints":{"allow":["GET"]}}],"collection":[{"href":"https:\/\/cynthiarodrigues.com.br\/index.php\/wp-json\/wp\/v2\/pages"}],"about":[{"href":"https:\/\/cynthiarodrigues.com.br\/index.php\/wp-json\/wp\/v2\/types\/page"}],"author":[{"embeddable":true,"href":"https:\/\/cynthiarodrigues.com.br\/index.php\/wp-json\/wp\/v2\/users\/2"}],"replies":[{"embeddable":true,"href":"https:\/\/cynthiarodrigues.com.br\/index.php\/wp-json\/wp\/v2\/comments?post=1071"}],"version-history":[{"count":70,"href":"https:\/\/cynthiarodrigues.com.br\/index.php\/wp-json\/wp\/v2\/pages\/1071\/revisions"}],"predecessor-version":[{"id":1191,"href":"https:\/\/cynthiarodrigues.com.br\/index.php\/wp-json\/wp\/v2\/pages\/1071\/revisions\/1191"}],"wp:attachment":[{"href":"https:\/\/cynthiarodrigues.com.br\/index.php\/wp-json\/wp\/v2\/media?parent=1071"}],"curies":[{"name":"wp","href":"https:\/\/api.w.org\/{rel}","templated":true}]}}